{"id":55,"date":"2025-10-16T14:01:57","date_gmt":"2025-10-16T14:01:57","guid":{"rendered":"https:\/\/laranja-moro.emagrecedor-natural.com.br\/blog\/service\/"},"modified":"2025-10-16T14:01:57","modified_gmt":"2025-10-16T14:01:57","slug":"service","status":"publish","type":"page","link":"https:\/\/laranja-moro.emagrecedor-natural.com.br\/blog\/service\/","title":{"rendered":"Service"},"content":{"rendered":"\n\n\n<h3>Portf\u00f3lio de Produtos<\/h3>\n<p>Veja nossa variedade de produtos e suas aplica\u00e7\u00f5es para emagrecimento.<\/p>\n\n\n\n\n\n\n\n\n\n\n<h3>Conhe\u00e7a Nossa Equipe<\/h3>\n<p>Especialistas dedicados prontos para ajud\u00e1-lo.<\/p>\n\n\n\nNutricionista e Especialista em Emagrecimento\n\n\n\n\n\n\n\n\n\nEspecialista em Sa\u00fade e Bem-Estar\n\n\n\n\n\n\n\n\n\nTreinador Pessoal\n\n\n\n\n\n\n\n\n\nConsultora de Nutri\u00e7\u00e3o\n\n\n\n\n\n\n\n\n\n\n\n\n<h4>Nossos Servi\u00e7os<\/h4>\n<p>Oferecemos uma variedade de servi\u00e7os focados em emagrecimento saud\u00e1vel, com \u00eanfase nos benef\u00edcios da laranja moro.<\/p>\n\n\n\n\n\nNossos suplementos em p\u00f3 de laranja moro s\u00e3o elaborados para auxiliar no emagrecimento e fornecer energia de maneira natural.\n\n\nOferecemos orienta\u00e7\u00e3o especializada para ajud\u00e1-lo a desenvolver um plano alimentar eficaz e saud\u00e1vel.\n\n\n\n\nNossos programas s\u00e3o adaptados \u00e0s suas necessidades individuais, garantindo resultados eficazes e sustent\u00e1veis.\n\n\nDescubra receitas deliciosas que incorporam a laranja moro para potencializar sua dieta.\n\n\n\n\n\n\n<h3>Planos de Pre\u00e7os<\/h3>\n<p>Conhe\u00e7a nossos planos acess\u00edveis para iniciar sua jornada de emagrecimento com laranja moro.<\/p>\n\n\n\nAcesso a Tutoriais\nConsultoria Personalizada\nSuporte Cont\u00ednuo\nReceitas Exclusivas\n\n\n\n\n\nAcesso a Tutoriais\nConsultoria Personalizada\nSuporte Cont\u00ednuo\nReceitas Exclusivas\n\n\n\n\n\nAcesso a Tutoriais\nConsultoria Personalizada\nSuporte Cont\u00ednuo\nReceitas Exclusivas\n\n\n\n\n\n","protected":false},"excerpt":{"rendered":"","protected":false},"author":1,"featured_media":0,"parent":0,"menu_order":0,"comment_status":"closed","ping_status":"closed","template":"","meta":{"pagelayer_contact_templates":[],"_pagelayer_content":"","footnotes":""},"class_list":["post-55","page","type-page","status-publish","hentry"],"_links":{"self":[{"href":"https:\/\/laranja-moro.emagrecedor-natural.com.br\/blog\/wp-json\/wp\/v2\/pages\/55","targetHints":{"allow":["GET"]}}],"collection":[{"href":"https:\/\/laranja-moro.emagrecedor-natural.com.br\/blog\/wp-json\/wp\/v2\/pages"}],"about":[{"href":"https:\/\/laranja-moro.emagrecedor-natural.com.br\/blog\/wp-json\/wp\/v2\/types\/page"}],"author":[{"embeddable":true,"href":"https:\/\/laranja-moro.emagrecedor-natural.com.br\/blog\/wp-json\/wp\/v2\/users\/1"}],"replies":[{"embeddable":true,"href":"https:\/\/laranja-moro.emagrecedor-natural.com.br\/blog\/wp-json\/wp\/v2\/comments?post=55"}],"version-history":[{"count":0,"href":"https:\/\/laranja-moro.emagrecedor-natural.com.br\/blog\/wp-json\/wp\/v2\/pages\/55\/revisions"}],"wp:attachment":[{"href":"https:\/\/laranja-moro.emagrecedor-natural.com.br\/blog\/wp-json\/wp\/v2\/media?parent=55"}],"curies":[{"name":"wp","href":"https:\/\/api.w.org\/{rel}","templated":true}]}}